{"id":412,"date":"2022-04-13T09:17:55","date_gmt":"2022-04-13T09:17:55","guid":{"rendered":"https:\/\/jornadasiberoamericanas.zeus.umh.es\/presentacion\/"},"modified":"2025-10-14T18:03:28","modified_gmt":"2025-10-14T16:03:28","slug":"inicio","status":"publish","type":"page","link":"https:\/\/congresoiberoamericano.umh.es\/ca\/","title":{"rendered":"Inicio"},"content":{"rendered":"<p>[et_pb_section fb_built=&#8221;1&#8243; _builder_version=&#8221;4.17.4&#8243; _module_preset=&#8221;default&#8221; background_image=&#8221;https:\/\/congresoiberoamericano.umh.es\/files\/2025\/07\/bannerinicio-1.png&#8221; background_size=&#8221;contain&#8221; width_tablet=&#8221;&#8221; width_phone=&#8221;100%&#8221; width_last_edited=&#8221;on|phone&#8221; max_width=&#8221;100%&#8221; max_width_tablet=&#8221;100%&#8221; max_width_phone=&#8221;100%&#8221; max_width_last_edited=&#8221;on|phone&#8221; module_alignment=&#8221;center&#8221; height=&#8221;350px&#8221; height_tablet=&#8221;350px&#8221; height_phone=&#8221;100px&#8221; height_last_edited=&#8221;on|phone&#8221; max_height=&#8221;584px&#8221; custom_margin_tablet=&#8221;&#8221; custom_margin_phone=&#8221;||||false|false&#8221; custom_margin_last_edited=&#8221;on|phone&#8221; custom_padding=&#8221;||||false|false&#8221; background_last_edited=&#8221;on|phone&#8221; parallax_phone=&#8221;off&#8221; locked=&#8221;off&#8221; global_colors_info=&#8221;{}&#8221;][\/et_pb_section][et_pb_section fb_built=&#8221;1&#8243; _builder_version=&#8221;4.17.4&#8243; background_image=&#8221;https:\/\/congresoiberoamericano.umh.es\/files\/2025\/07\/fondo-claro-scaled.jpg&#8221; background_size=&#8221;initial&#8221; custom_margin_tablet=&#8221;&#8221; custom_margin_phone=&#8221;||||false|false&#8221; custom_margin_last_edited=&#8221;on|phone&#8221; global_colors_info=&#8221;{}&#8221;][et_pb_row _builder_version=&#8221;4.17.4&#8243; custom_margin_tablet=&#8221;&#8221; custom_margin_phone=&#8221;-30px||||false|false&#8221; custom_margin_last_edited=&#8221;on|phone&#8221; global_colors_info=&#8221;{}&#8221;][et_pb_column type=&#8221;4_4&#8243; _builder_version=&#8221;4.16&#8243; global_colors_info=&#8221;{}&#8221;][et_pb_text _builder_version=&#8221;4.17.4&#8243; text_font=&#8221;|800|||||||&#8221; text_text_color=&#8221;#727272&#8243; text_font_size=&#8221;36px&#8221; height_tablet=&#8221;&#8221; height_phone=&#8221;&#8221; height_last_edited=&#8221;on|phone&#8221; max_height_tablet=&#8221;&#8221; max_height_phone=&#8221;&#8221; max_height_last_edited=&#8221;on|phone&#8221; custom_margin=&#8221;||||false|false&#8221; custom_margin_tablet=&#8221;||||false|false&#8221; custom_margin_phone=&#8221;-30px||-30px||false|false&#8221; custom_margin_last_edited=&#8221;on|phone&#8221; hover_enabled=&#8221;0&#8243; text_line_height_tablet=&#8221;&#8221; text_line_height_phone=&#8221;1.3em&#8221; text_line_height_last_edited=&#8221;on|phone&#8221; header_line_height_tablet=&#8221;&#8221; header_line_height_phone=&#8221;1em&#8221; header_line_height_last_edited=&#8221;on|phone&#8221; global_colors_info=&#8221;{}&#8221; sticky_enabled=&#8221;0&#8243;]<\/p>\n<p style=\"text-align: center\"><strong>MODALIDAD: ONLINE<\/strong><\/p>\n<p style=\"text-align: center\"><strong><\/strong><\/p>\n<pre style=\"text-align: center\"><strong>Link de acceso al Congreso<\/strong><\/pre>\n<h3 style=\"text-align: center\" id=\"h_96976386911760457788329\"><strong><a href=\"#h_96976386911760457788329\">https:\/\/meet.google.com\/zdc-vzti-jpf<\/a><\/strong><\/h3>\n<p>[\/et_pb_text][\/et_pb_column][\/et_pb_row][et_pb_row _builder_version=&#8221;4.16&#8243; background_color=&#8221;#ffffff&#8221; border_radii=&#8221;on|11px|11px|11px|11px&#8221; box_shadow_style=&#8221;preset4&#8243; global_colors_info=&#8221;{}&#8221;][et_pb_column type=&#8221;4_4&#8243; _builder_version=&#8221;4.16&#8243; global_colors_info=&#8221;{}&#8221;][et_pb_text _builder_version=&#8221;4.17.4&#8243; text_font=&#8221;|600|||||||&#8221; text_text_color=&#8221;#000000&#8243; custom_margin=&#8221;|20px||20px|false|true&#8221; global_colors_info=&#8221;{}&#8221;]<\/p>\n<p style=\"text-align: justify\">El objetivo principal del Congreso Internacional Iberoamericano de Econom\u00eda y Empresa 2025, <strong>CIIEE2025:<\/strong> <strong>Desaf\u00edos actuales de la econom\u00eda, instituciones y empresas,<\/strong> es promover la interacci\u00f3n en materia docencia e investigaci\u00f3n entre universidades espa\u00f1olas e iberoamericanas en el \u00e1mbito de la econom\u00eda y los negocios.\u00a0 Las transformaciones necesarias para lograr ese cambio de modelo inherente a la Agenda 2030 y del nuevo escenario geoecon\u00f3mico y tecnol\u00f3gico pueden reconducirse a diferentes e innovadoras formas de gobernanza y gesti\u00f3n.<br \/>El Congreso pretende recoger las investigaciones que contribuyan al conocimiento sobre los principales retos que enfrenta la econom\u00eda global ante las transformaciones tecnol\u00f3gicas (como la digitalizaci\u00f3n, la inteligencia artificial o el big data) y los cambios en la geopol\u00edtica econ\u00f3mica mundial, promoviendo marcos anal\u00edticos innovadores que permitan comprender sus impactos en las instituciones y en la empresa.\u00a0 Propuestas que integren la sostenibilidad econ\u00f3mica, social y ambiental en los modelos de gesti\u00f3n p\u00fablica y privada. Generar un espacio para abordar cr\u00edticamente las brechas de g\u00e9nero en los \u00e1mbitos de poder, liderazgo y toma de decisiones, tanto en instituciones pol\u00edticas como en el sector empresarial. Modelos de gobernanza m\u00e1s inclusivos, equitativos y representativos, alineados con los principios de igualdad de la Agenda 2030.<\/p>\n<p style=\"text-align: justify\">Con un car\u00e1cter multidisciplinar, el Congreso pretende ser una oportunidad para compartir puntos de vista, ideas y experiencias en un contexto comparado. El encuentro servir\u00e1 como punto de partida a partir del que puedan desarrollarse otras actividades docentes, de investigaci\u00f3n y de movilidad que sean de inter\u00e9s para las instituciones participantes.&#8221;<\/p>\n<p style=\"text-align: justify\">Se invita a docentes, investigadores y alumnos a presentar investigaciones en desarrollo, avances de las mismas, as\u00ed como investigaciones ya finalizadas, estableciendo en este Congreso Internacional Iberoamericano una oportunidad para la presentaci\u00f3n de temas de investigaci\u00f3n en sus diferentes fases de elaboraci\u00f3n o avances dentro de la variedad tematica que se propone. Un espacio para compartir propuestas y desarrollos ya elaborados o incipientes que buscan una primera presentacion. Una oportunidad para compartir e iniciar colaboraciones de investigaci\u00f3n interuniversitaria.<\/p>\n<p>[\/et_pb_text][\/et_pb_column][\/et_pb_row][et_pb_row _builder_version=&#8221;4.16&#8243; global_colors_info=&#8221;{}&#8221;][et_pb_column type=&#8221;4_4&#8243; _builder_version=&#8221;4.16&#8243; global_colors_info=&#8221;{}&#8221;][et_pb_text _builder_version=&#8221;4.17.4&#8243; global_colors_info=&#8221;{}&#8221;]<\/p>\n<p style=\"text-align: center\"><strong>INSTITUCI\u00d3N ORGANIZADORA<\/strong><\/p>\n<p style=\"text-align: center\"><strong>Departamento de Estudios Econ\u00f3micos y Financieros.<br \/>Facultad de Ciencias Sociales y Jur\u00eddicas de Elche.<br \/>Universidad Miguel Hern\u00e1ndez de Elche (Espa\u00f1a)<br \/><\/strong><\/p>\n<p>[\/et_pb_text][\/et_pb_column][\/et_pb_row][et_pb_row column_structure=&#8221;1_2,1_2&#8243; _builder_version=&#8221;4.16&#8243; global_colors_info=&#8221;{}&#8221;][et_pb_column type=&#8221;1_2&#8243; _builder_version=&#8221;4.16&#8243; global_colors_info=&#8221;{}&#8221;][et_pb_button button_url=&#8221;https:\/\/forms.gle\/a7nSKvjXEVfGVx6v5&#8243; url_new_window=&#8221;on&#8221; button_text=&#8221;INSCRIPCI\u00d3N SIN PRESENTACION DE COMUNICACI\u00d3N&#8221; button_alignment=&#8221;center&#8221; _builder_version=&#8221;4.17.4&#8243; custom_button=&#8221;on&#8221; button_bg_color=&#8221;#ffffff&#8221; button_font=&#8221;|700|||||||&#8221; box_shadow_style=&#8221;preset4&#8243; global_colors_info=&#8221;{}&#8221;][\/et_pb_button][\/et_pb_column][et_pb_column type=&#8221;1_2&#8243; _builder_version=&#8221;4.16&#8243; global_colors_info=&#8221;{}&#8221;][et_pb_button button_url=&#8221;https:\/\/forms.gle\/xFZRLMWMnGjJ6jZ69&#8243; url_new_window=&#8221;on&#8221; button_text=&#8221;INSCRIPCI\u00d3N CON PRESENTACION DE COMUNICACI\u00d3N&#8221; button_alignment=&#8221;center&#8221; _builder_version=&#8221;4.17.4&#8243; custom_button=&#8221;on&#8221; button_bg_color=&#8221;#ffffff&#8221; button_font=&#8221;|700|||||||&#8221; box_shadow_style=&#8221;preset4&#8243; global_colors_info=&#8221;{}&#8221;][\/et_pb_button][\/et_pb_column][\/et_pb_row][et_pb_row _builder_version=&#8221;4.16&#8243; global_colors_info=&#8221;{}&#8221;][et_pb_column type=&#8221;4_4&#8243; _builder_version=&#8221;4.16&#8243; global_colors_info=&#8221;{}&#8221;][\/et_pb_column][\/et_pb_row][et_pb_row _builder_version=&#8221;4.16&#8243; background_color=&#8221;#ffffff&#8221; border_radii=&#8221;on|11px|11px|11px|11px&#8221; box_shadow_style=&#8221;preset4&#8243; global_colors_info=&#8221;{}&#8221;][et_pb_column type=&#8221;4_4&#8243; _builder_version=&#8221;4.16&#8243; global_colors_info=&#8221;{}&#8221;][et_pb_text disabled_on=&#8221;on|on|on&#8221; _builder_version=&#8221;4.16&#8243; disabled=&#8221;on&#8221; global_colors_info=&#8221;{}&#8221;]<\/p>\n<h2 style=\"text-align: center\"><strong>CARTEL DE LAS JORNADAS<\/strong><\/h2>\n<p>[\/et_pb_text][et_pb_image src=&#8221;https:\/\/congresoiberoamericano.umh.es\/files\/2025\/07\/congreso25.png&#8221; title_text=&#8221;congreso25&#8243; show_in_lightbox=&#8221;on&#8221; align=&#8221;center&#8221; _builder_version=&#8221;4.17.4&#8243; max_width=&#8221;59%&#8221; global_colors_info=&#8221;{}&#8221;][\/et_pb_image][\/et_pb_column][\/et_pb_row][et_pb_row column_structure=&#8221;1_2,1_2&#8243; _builder_version=&#8221;4.16&#8243; background_color=&#8221;#ffffff&#8221; custom_margin=&#8221;56px|auto||auto||&#8221; border_radii=&#8221;on|11px|11px|11px|11px&#8221; box_shadow_style=&#8221;preset4&#8243; global_colors_info=&#8221;{}&#8221;][et_pb_column type=&#8221;1_2&#8243; _builder_version=&#8221;4.16&#8243; global_colors_info=&#8221;{}&#8221;][et_pb_text content_tablet=&#8221;<\/p>\n<h2><b>Organiza:<\/b><\/h2>\n<\/p>\n<p>&#8221; content_phone=&#8221;<\/p>\n<h2><b>Organiza:<\/b><\/h2>\n<\/p>\n<p>&#8221; content_last_edited=&#8221;on|phone&#8221; disabled_on=&#8221;off|off|off&#8221; _builder_version=&#8221;4.17.4&#8243; header_2_text_align_tablet=&#8221;&#8221; header_2_text_align_phone=&#8221;center&#8221; header_2_text_align_last_edited=&#8221;on|phone&#8221; global_colors_info=&#8221;{}&#8221;]<\/p>\n<h2 style=\"text-align: left\"><b>Organiza:<\/b><\/h2>\n<p>&nbsp;<\/p>\n<p>[\/et_pb_text][et_pb_image src=&#8221;https:\/\/congresoiberoamericano.umh.es\/files\/2022\/06\/LOGO-CCCSSYJJ_positivo_color-e1655117064486.png&#8221; title_text=&#8221;LOGO-CCCSSYJJ_positivo_color&#8221; url=&#8221;https:\/\/fcsjelche.umh.es\/&#8221; url_new_window=&#8221;on&#8221; _builder_version=&#8221;4.17.4&#8243; width=&#8221;50%&#8221; max_width=&#8221;50%&#8221; module_alignment=&#8221;center&#8221; custom_padding=&#8221;||0px|||&#8221; global_colors_info=&#8221;{}&#8221;][\/et_pb_image][\/et_pb_column][et_pb_column type=&#8221;1_2&#8243; _builder_version=&#8221;4.16&#8243; global_colors_info=&#8221;{}&#8221;][et_pb_divider show_divider=&#8221;off&#8221; _builder_version=&#8221;4.17.4&#8243; _module_preset=&#8221;default&#8221; global_colors_info=&#8221;{}&#8221;][\/et_pb_divider][et_pb_divider show_divider=&#8221;off&#8221; _builder_version=&#8221;4.17.4&#8243; _module_preset=&#8221;default&#8221; global_colors_info=&#8221;{}&#8221;][\/et_pb_divider][et_pb_divider show_divider=&#8221;off&#8221; _builder_version=&#8221;4.17.4&#8243; _module_preset=&#8221;default&#8221; global_colors_info=&#8221;{}&#8221;][\/et_pb_divider][et_pb_image src=&#8221;https:\/\/congresoiberoamericano.umh.es\/files\/2022\/06\/Estudios-Economicos-y-Financieros.png&#8221; title_text=&#8221;Estudios-Econ\u00f3micos-y-Financieros&#8221; url=&#8221;https:\/\/www.umh.es\/contenido\/Investigacion\/:uor_26\/datos_es.html&#8221; url_new_window=&#8221;on&#8221; _builder_version=&#8221;4.17.4&#8243; width=&#8221;56%&#8221; module_alignment=&#8221;center&#8221; global_colors_info=&#8221;{}&#8221;][\/et_pb_image][\/et_pb_column][\/et_pb_row][et_pb_row column_structure=&#8221;1_4,1_4,1_4,1_4&#8243; _builder_version=&#8221;4.17.4&#8243; background_color=&#8221;#ffffff&#8221; custom_margin=&#8221;56px|auto||auto||&#8221; module_alignment_tablet=&#8221;&#8221; module_alignment_phone=&#8221;center&#8221; module_alignment_last_edited=&#8221;on|phone&#8221; border_radii=&#8221;on|11px|11px|11px|11px&#8221; box_shadow_style=&#8221;preset4&#8243; box_shadow_horizontal_tablet=&#8221;&#8221; box_shadow_horizontal_phone=&#8221;0px&#8221; box_shadow_horizontal_last_edited=&#8221;on|phone&#8221; global_colors_info=&#8221;{}&#8221;][et_pb_column type=&#8221;1_4&#8243; _builder_version=&#8221;4.17.4&#8243; global_colors_info=&#8221;{}&#8221;][et_pb_text disabled_on=&#8221;off|off|off&#8221; _builder_version=&#8221;4.16&#8243; custom_margin=&#8221;||0px|||&#8221; global_colors_info=&#8221;{}&#8221;]<\/p>\n<h2 style=\"text-align: left\"><b>Promueven:<\/b><\/h2>\n<p><b><\/b><\/p>\n<p>[\/et_pb_text][et_pb_image src=&#8221;https:\/\/congresoiberoamericano.umh.es\/files\/2022\/06\/ort-e1655117135339.png&#8221; title_text=&#8221;ort&#8221; url=&#8221;https:\/\/www.ort.edu.uy\/&#8221; url_new_window=&#8221;on&#8221; _builder_version=&#8221;4.17.4&#8243; module_alignment=&#8221;center&#8221; global_colors_info=&#8221;{}&#8221;][\/et_pb_image][et_pb_image src=&#8221;https:\/\/congresoiberoamericano.umh.es\/files\/2022\/06\/Logo-ESAN-e1655117100262.jpg&#8221; title_text=&#8221;Logo ESAN&#8221; url=&#8221;https:\/\/www.esan.edu.pe\/&#8221; url_new_window=&#8221;on&#8221; align=&#8221;center&#8221; _builder_version=&#8221;4.17.4&#8243; global_colors_info=&#8221;{}&#8221;][\/et_pb_image][\/et_pb_column][et_pb_column type=&#8221;1_4&#8243; _builder_version=&#8221;4.16&#8243; global_colors_info=&#8221;{}&#8221;][et_pb_divider show_divider=&#8221;off&#8221; _builder_version=&#8221;4.16&#8243; global_colors_info=&#8221;{}&#8221;][\/et_pb_divider][et_pb_image src=&#8221;https:\/\/congresoiberoamericano.umh.es\/files\/2022\/06\/Indentificador_Universidad_de_Holguin-e1655117268398.png&#8221; title_text=&#8221;Indentificador_Universidad_de_Holgu\u00edn&#8221; url=&#8221;https:\/\/www.uho.edu.cu\/&#8221; url_new_window=&#8221;on&#8221; _builder_version=&#8221;4.17.4&#8243; width=&#8221;90%&#8221; max_width=&#8221;90%&#8221; module_alignment=&#8221;center&#8221; global_colors_info=&#8221;{}&#8221;][\/et_pb_image][et_pb_divider show_divider=&#8221;off&#8221; _builder_version=&#8221;4.17.4&#8243; _module_preset=&#8221;default&#8221; global_colors_info=&#8221;{}&#8221;][\/et_pb_divider][et_pb_divider show_divider=&#8221;off&#8221; _builder_version=&#8221;4.17.4&#8243; _module_preset=&#8221;default&#8221; global_colors_info=&#8221;{}&#8221;][\/et_pb_divider][et_pb_image src=&#8221;https:\/\/congresoiberoamericano.umh.es\/files\/2022\/06\/logo-ces.png&#8221; title_text=&#8221;logo-ces&#8221; url=&#8221;https:\/\/www.ces.edu.co\/&#8221; url_new_window=&#8221;on&#8221; _builder_version=&#8221;4.17.4&#8243; module_alignment=&#8221;center&#8221; global_colors_info=&#8221;{}&#8221;][\/et_pb_image][\/et_pb_column][et_pb_column type=&#8221;1_4&#8243; _builder_version=&#8221;4.16&#8243; global_colors_info=&#8221;{}&#8221;][et_pb_divider show_divider=&#8221;off&#8221; _builder_version=&#8221;4.16&#8243; global_colors_info=&#8221;{}&#8221;][\/et_pb_divider][et_pb_image src=&#8221;https:\/\/congresoiberoamericano.umh.es\/files\/2022\/06\/UDE.png&#8221; title_text=&#8221;UDE&#8221; url=&#8221;https:\/\/ude.edu.uy\/&#8221; url_new_window=&#8221;on&#8221; _builder_version=&#8221;4.17.4&#8243; width=&#8221;65%&#8221; max_width=&#8221;65%&#8221; module_alignment=&#8221;center&#8221; global_colors_info=&#8221;{}&#8221;][\/et_pb_image][et_pb_image src=&#8221;https:\/\/congresoiberoamericano.umh.es\/files\/2022\/06\/Imagotipo-Principal-Vertical-72-01-659pl52bsvq0-e1655117122514.png&#8221; title_text=&#8221;Imagotipo-Principal-Vertical-72-01-659pl52bsvq0&#8243; url=&#8221;https:\/\/www.ucp.edu.ar\/&#8221; url_new_window=&#8221;on&#8221; _builder_version=&#8221;4.17.4&#8243; global_colors_info=&#8221;{}&#8221;][\/et_pb_image][\/et_pb_column][et_pb_column type=&#8221;1_4&#8243; _builder_version=&#8221;4.16&#8243; global_colors_info=&#8221;{}&#8221;][et_pb_divider show_divider=&#8221;off&#8221; _builder_version=&#8221;4.16&#8243; global_colors_info=&#8221;{}&#8221;][\/et_pb_divider][et_pb_image src=&#8221;https:\/\/congresoiberoamericano.umh.es\/files\/2022\/06\/unnamed-e1655117434824.png&#8221; title_text=&#8221;unnamed&#8221; url=&#8221;https:\/\/fcea.udelar.edu.uy\/&#8221; url_new_window=&#8221;on&#8221; align=&#8221;center&#8221; _builder_version=&#8221;4.17.4&#8243; module_alignment=&#8221;center&#8221; custom_margin=&#8221;||-7px|||&#8221; custom_padding=&#8221;|8px|6px|||&#8221; global_colors_info=&#8221;{}&#8221;][\/et_pb_image][\/et_pb_column][\/et_pb_row][\/et_pb_section]<\/p>\n","protected":false},"excerpt":{"rendered":"<p>P\u00e1gina de presentaci\u00f3n de la unidad organizativa<\/p>\n","protected":false},"author":5736,"featured_media":0,"parent":0,"menu_order":0,"comment_status":"closed","ping_status":"open","template":"","meta":{"_et_pb_use_builder":"on","_et_pb_old_content":"","_et_gb_content_width":"","_links_to":"","_links_to_target":""},"_links":{"self":[{"href":"https:\/\/congresoiberoamericano.umh.es\/ca\/wp-json\/wp\/v2\/pages\/412"}],"collection":[{"href":"https:\/\/congresoiberoamericano.umh.es\/ca\/wp-json\/wp\/v2\/pages"}],"about":[{"href":"https:\/\/congresoiberoamericano.umh.es\/ca\/wp-json\/wp\/v2\/types\/page"}],"author":[{"embeddable":true,"href":"https:\/\/congresoiberoamericano.umh.es\/ca\/wp-json\/wp\/v2\/users\/5736"}],"replies":[{"embeddable":true,"href":"https:\/\/congresoiberoamericano.umh.es\/ca\/wp-json\/wp\/v2\/comments?post=412"}],"version-history":[{"count":0,"href":"https:\/\/congresoiberoamericano.umh.es\/ca\/wp-json\/wp\/v2\/pages\/412\/revisions"}],"wp:attachment":[{"href":"https:\/\/congresoiberoamericano.umh.es\/ca\/wp-json\/wp\/v2\/media?parent=412"}],"curies":[{"name":"wp","href":"https:\/\/api.w.org\/{rel}","templated":true}]}}